{"id":454,"date":"2023-07-07T18:00:21","date_gmt":"2023-07-07T18:00:21","guid":{"rendered":"https:\/\/corprivernez.com.mx\/?page_id=454"},"modified":"2024-01-24T00:49:15","modified_gmt":"2024-01-24T00:49:15","slug":"coffee-break-y-catering","status":"publish","type":"page","link":"https:\/\/corprivernez.com.mx\/index.php\/coffee-break-y-catering\/","title":{"rendered":"Coffee Break\u00a0y\u00a0catering"},"content":{"rendered":"\n<p>Con un enfoque en la excelencia y la calidad, ofrecemos una amplia gama de bebidas y opciones gastron\u00f3micas para satisfacer los gustos m\u00e1s exigentes. <\/p>\n\n\n\n<p>Desde elegantes recepciones hasta reuniones de negocios informales. Ya sea que prefieras opciones cl\u00e1sicas o platos innovadores, nuestro men\u00fa se adapta a tus necesidades y preferencias. Nos comprometemos a brindar un servicio impecable, desde la planificaci\u00f3n hasta la ejecuci\u00f3n del evento, asegur\u00e1ndonos de que cada detalle sea atendido con precisi\u00f3n. <\/p>\n\n\n\n<p>Descubre las deliciosas opciones de nuestro men\u00fa y crea el paquete perfecto seg\u00fan tus preferencias. <\/p>\n\n\n\n<p><\/p>\n\n\n\n<p><\/p>\n\n\n\n<div class=\"wp-block-buttons is-content-justification-center is-layout-flex wp-container-core-buttons-is-layout-1 wp-block-buttons-is-layout-flex\">\n<div class=\"wp-block-button\"><a class=\"wp-block-button__link has-nv-c-1-color has-neve-link-color-background-color has-text-color has-background\" href=\"https:\/\/corprivernez.com.mx\/index.php\/contact\/\">Cotiza<\/a><\/div>\n<\/div>\n\n\n\n<p><\/p>\n\n\n\n<div class=\"wp-block-media-text alignwide is-stacked-on-mobile\"><figure class=\"wp-block-media-text__media\"><img loading=\"lazy\" decoding=\"async\" width=\"603\" height=\"414\" src=\"https:\/\/corprivernez.com.mx\/wp-content\/uploads\/2024\/01\/image.png\" alt=\"\" class=\"wp-image-670 size-full\" srcset=\"https:\/\/corprivernez.com.mx\/wp-content\/uploads\/2024\/01\/image.png 603w, https:\/\/corprivernez.com.mx\/wp-content\/uploads\/2024\/01\/image-300x206.png 300w, https:\/\/corprivernez.com.mx\/wp-content\/uploads\/2024\/01\/image-600x412.png 600w\" sizes=\"auto, (max-width: 603px) 100vw, 603px\" \/><\/figure><div class=\"wp-block-media-text__content\">\n<p><strong>Coffee Break <\/strong><\/p>\n\n\n\n<p><strong>Servicio VIP<\/strong><br>(se cambian los vasos, platos y cucharas desechables por tazas y platos de cer\u00e1mica y cubiertos de acero inoxidable)<\/p>\n\n\n\n<ul class=\"wp-block-list\"><li>Caf\u00e9 americano caliente, fresco (calidad gourmet)<\/li><li>T\u00e9: manzanilla, canela, hierbabuena, verde, manzana con canela y negro (los sabores pueden variar dependiendo de la disponibilidad)<\/li><li>Agua embotellada 500 ml<\/li><li>Galletas gourmet<\/li><\/ul>\n\n\n\n<p>Incluye az\u00facar, splenda y sustituto de crema en sobre individual.<\/p>\n<\/div><\/div>\n\n\n\n<div class=\"wp-block-media-text alignwide is-stacked-on-mobile\"><figure class=\"wp-block-media-text__media\"><img loading=\"lazy\" decoding=\"async\" width=\"768\" height=\"1024\" src=\"https:\/\/corprivernez.com.mx\/wp-content\/uploads\/2024\/01\/IMG_8332-768x1024.jpg\" alt=\"\" class=\"wp-image-672 size-full\" srcset=\"https:\/\/corprivernez.com.mx\/wp-content\/uploads\/2024\/01\/IMG_8332-768x1023.jpg 768w, https:\/\/corprivernez.com.mx\/wp-content\/uploads\/2024\/01\/IMG_8332-225x300.jpg 225w, https:\/\/corprivernez.com.mx\/wp-content\/uploads\/2024\/01\/IMG_8332-600x800.jpg 600w, https:\/\/corprivernez.com.mx\/wp-content\/uploads\/2024\/01\/IMG_8332.jpg 929w\" sizes=\"auto, (max-width: 768px) 100vw, 768px\" \/><\/figure><div class=\"wp-block-media-text__content\">\n<p><strong>Jugos<\/strong><\/p>\n\n\n\n<ul class=\"wp-block-list\"><li>Jugos tetra pak individuales<\/li><\/ul>\n<\/div><\/div>\n\n\n\n<div class=\"wp-block-media-text alignwide is-stacked-on-mobile\"><figure class=\"wp-block-media-text__media\"><img loading=\"lazy\" decoding=\"async\" width=\"768\" height=\"1024\" src=\"https:\/\/corprivernez.com.mx\/wp-content\/uploads\/2024\/01\/IMG_8301-768x1024.jpg\" alt=\"\" class=\"wp-image-673 size-full\" srcset=\"https:\/\/corprivernez.com.mx\/wp-content\/uploads\/2024\/01\/IMG_8301-768x1023.jpg 768w, https:\/\/corprivernez.com.mx\/wp-content\/uploads\/2024\/01\/IMG_8301-225x300.jpg 225w, https:\/\/corprivernez.com.mx\/wp-content\/uploads\/2024\/01\/IMG_8301-600x800.jpg 600w, https:\/\/corprivernez.com.mx\/wp-content\/uploads\/2024\/01\/IMG_8301.jpg 929w\" sizes=\"auto, (max-width: 768px) 100vw, 768px\" \/><\/figure><div class=\"wp-block-media-text__content\">\n<p><strong>Canap\u00e9s<\/strong><\/p>\n\n\n\n<p>Servicio de Bocadillos, (tres a escoger entre):<\/p>\n\n\n\n<ul class=\"wp-block-list\"><li>Croissant de jam\u00f3n y queso<\/li><li>Hojaldra de ensalada rusa<\/li><li>Hojaldra de ensalada de at\u00fan<\/li><li>Hojaldra de pollo con mole<\/li><li>Volovanes de ensalada de at\u00fan<\/li><\/ul>\n<\/div><\/div>\n\n\n\n<div class=\"wp-block-media-text alignwide is-stacked-on-mobile\"><figure class=\"wp-block-media-text__media\"><img loading=\"lazy\" decoding=\"async\" width=\"767\" height=\"1024\" src=\"https:\/\/corprivernez.com.mx\/wp-content\/uploads\/2023\/11\/IMG_8321-767x1024.jpg\" alt=\"\" class=\"wp-image-637 size-full\" srcset=\"https:\/\/corprivernez.com.mx\/wp-content\/uploads\/2023\/11\/IMG_8321-767x1024.jpg 767w, https:\/\/corprivernez.com.mx\/wp-content\/uploads\/2023\/11\/IMG_8321-225x300.jpg 225w, https:\/\/corprivernez.com.mx\/wp-content\/uploads\/2023\/11\/IMG_8321-768x1025.jpg 768w, https:\/\/corprivernez.com.mx\/wp-content\/uploads\/2023\/11\/IMG_8321-600x801.jpg 600w, https:\/\/corprivernez.com.mx\/wp-content\/uploads\/2023\/11\/IMG_8321.jpg 939w\" sizes=\"auto, (max-width: 767px) 100vw, 767px\" \/><\/figure><div class=\"wp-block-media-text__content\">\n<p><strong>Fruta <\/strong><\/p>\n\n\n\n<ul class=\"wp-block-list\"><li>Frutas de temporada<br><br>Incluye granola, miel y queso cottage<\/li><\/ul>\n<\/div><\/div>\n\n\n\n<div class=\"wp-block-media-text alignwide is-stacked-on-mobile\"><figure class=\"wp-block-media-text__media\"><img loading=\"lazy\" decoding=\"async\" width=\"767\" height=\"1024\" src=\"https:\/\/corprivernez.com.mx\/wp-content\/uploads\/2023\/11\/IMG_8303-767x1024.jpg\" alt=\"\" class=\"wp-image-639 size-full\" srcset=\"https:\/\/corprivernez.com.mx\/wp-content\/uploads\/2023\/11\/IMG_8303-767x1024.jpg 767w, https:\/\/corprivernez.com.mx\/wp-content\/uploads\/2023\/11\/IMG_8303-225x300.jpg 225w, https:\/\/corprivernez.com.mx\/wp-content\/uploads\/2023\/11\/IMG_8303-768x1025.jpg 768w, https:\/\/corprivernez.com.mx\/wp-content\/uploads\/2023\/11\/IMG_8303-600x801.jpg 600w, https:\/\/corprivernez.com.mx\/wp-content\/uploads\/2023\/11\/IMG_8303.jpg 939w\" sizes=\"auto, (max-width: 767px) 100vw, 767px\" \/><\/figure><div class=\"wp-block-media-text__content\">\n<p><strong>Vasitos de crudit\u00e9s<\/strong> <\/p>\n\n\n\n<ul class=\"wp-block-list\"><li>Crudit\u00e9s; barritas de j\u00edcama, pepino y zanahoria<\/li><\/ul>\n\n\n\n<p>Servidos en vasos desechables, incluye: lim\u00f3n, sal y chile taj\u00edn<\/p>\n<\/div><\/div>\n\n\n\n<div class=\"wp-block-media-text alignwide is-stacked-on-mobile\"><figure class=\"wp-block-media-text__media\"><img loading=\"lazy\" decoding=\"async\" width=\"564\" height=\"752\" src=\"https:\/\/corprivernez.com.mx\/wp-content\/uploads\/2024\/01\/c7009656b0dc2aa522c8e4f755c6345f.jpg\" alt=\"\" class=\"wp-image-674 size-full\" srcset=\"https:\/\/corprivernez.com.mx\/wp-content\/uploads\/2024\/01\/c7009656b0dc2aa522c8e4f755c6345f.jpg 564w, https:\/\/corprivernez.com.mx\/wp-content\/uploads\/2024\/01\/c7009656b0dc2aa522c8e4f755c6345f-225x300.jpg 225w\" sizes=\"auto, (max-width: 564px) 100vw, 564px\" \/><\/figure><div class=\"wp-block-media-text__content\">\n<p><strong><strong>Botanas<\/strong><\/strong> <\/p>\n\n\n\n<p>Barra de<strong> <\/strong>Botanas (5 a elegir entre):<\/p>\n\n\n\n<ul class=\"wp-block-list\"><li>Doritos<\/li><li>Chips<\/li><li>Chips moradas<\/li><li>Ruffles<\/li><li>Cacahuates<\/li><li>Chicharr\u00f3n tipo lagrimita<\/li><li>Papas fritas<\/li><li>Churritos<\/li><li>Pretzels<\/li><li>Gomitas: enchiladas, \u00e1cidas, azucaradas, cualquier otra a elegir<\/li><\/ul>\n\n\n\n<p>Empacado en bolsas individuales<\/p>\n<\/div><\/div>\n\n\n\n<div class=\"wp-block-media-text alignwide is-stacked-on-mobile\"><figure class=\"wp-block-media-text__media\"><img loading=\"lazy\" decoding=\"async\" width=\"1024\" height=\"683\" src=\"https:\/\/corprivernez.com.mx\/wp-content\/uploads\/2023\/07\/pexels-photo-10638917-1-1024x683.jpeg\" alt=\"\" class=\"wp-image-526 size-full\" srcset=\"https:\/\/corprivernez.com.mx\/wp-content\/uploads\/2023\/07\/pexels-photo-10638917-1-1024x683.jpeg 1024w, https:\/\/corprivernez.com.mx\/wp-content\/uploads\/2023\/07\/pexels-photo-10638917-1-300x200.jpeg 300w, https:\/\/corprivernez.com.mx\/wp-content\/uploads\/2023\/07\/pexels-photo-10638917-1-768x512.jpeg 768w, https:\/\/corprivernez.com.mx\/wp-content\/uploads\/2023\/07\/pexels-photo-10638917-1-1536x1024.jpeg 1536w, https:\/\/corprivernez.com.mx\/wp-content\/uploads\/2023\/07\/pexels-photo-10638917-1-2048x1365.jpeg 2048w, https:\/\/corprivernez.com.mx\/wp-content\/uploads\/2023\/07\/pexels-photo-10638917-1-930x620.jpeg 930w, https:\/\/corprivernez.com.mx\/wp-content\/uploads\/2023\/07\/pexels-photo-10638917-1-1320x880.jpeg 1320w, https:\/\/corprivernez.com.mx\/wp-content\/uploads\/2023\/07\/pexels-photo-10638917-1-600x400.jpeg 600w\" sizes=\"auto, (max-width: 1024px) 100vw, 1024px\" \/><\/figure><div class=\"wp-block-media-text__content\">\n<p><strong><strong><strong><strong><strong>Palomitas<\/strong><\/strong><\/strong><\/strong><\/strong><\/p>\n\n\n\n<p>Barra de palomitas (3 a elegir entre):<\/p>\n\n\n\n<ul class=\"wp-block-list\"><li>Palomitas naturales<\/li><li>Palomitas de mantequilla<\/li><li>Palomitas de caramelo<\/li><li>Palomitas de chile<\/li><li>Palomitas de chocolate<\/li><\/ul>\n<\/div><\/div>\n\n\n\n<div class=\"wp-block-media-text alignwide is-stacked-on-mobile\"><figure class=\"wp-block-media-text__media\"><img loading=\"lazy\" decoding=\"async\" width=\"564\" height=\"845\" src=\"https:\/\/corprivernez.com.mx\/wp-content\/uploads\/2024\/01\/2752b02aeb9aeb471f1b96d08c83632e.jpg\" alt=\"\" class=\"wp-image-675 size-full\" srcset=\"https:\/\/corprivernez.com.mx\/wp-content\/uploads\/2024\/01\/2752b02aeb9aeb471f1b96d08c83632e.jpg 564w, https:\/\/corprivernez.com.mx\/wp-content\/uploads\/2024\/01\/2752b02aeb9aeb471f1b96d08c83632e-200x300.jpg 200w\" sizes=\"auto, (max-width: 564px) 100vw, 564px\" \/><\/figure><div class=\"wp-block-media-text__content\">\n<p><strong><strong><strong>Aguas frescas<\/strong><\/strong><\/strong><\/p>\n\n\n\n<ul class=\"wp-block-list\"><li>2 vitroleros de 4 Lt c\/u <\/li><li>1 vitrolero de 20 Lt <\/li><\/ul>\n<\/div><\/div>\n\n\n\n<div class=\"wp-block-media-text alignwide is-stacked-on-mobile\"><figure class=\"wp-block-media-text__media\"><img loading=\"lazy\" decoding=\"async\" width=\"1024\" height=\"576\" src=\"https:\/\/corprivernez.com.mx\/wp-content\/uploads\/2023\/07\/pexels-photo-10305696-1024x576.webp\" alt=\"\" class=\"wp-image-530 size-full\" srcset=\"https:\/\/corprivernez.com.mx\/wp-content\/uploads\/2023\/07\/pexels-photo-10305696-1024x576.webp 1024w, https:\/\/corprivernez.com.mx\/wp-content\/uploads\/2023\/07\/pexels-photo-10305696-300x169.webp 300w, https:\/\/corprivernez.com.mx\/wp-content\/uploads\/2023\/07\/pexels-photo-10305696-768x432.webp 768w, https:\/\/corprivernez.com.mx\/wp-content\/uploads\/2023\/07\/pexels-photo-10305696-1536x864.webp 1536w, https:\/\/corprivernez.com.mx\/wp-content\/uploads\/2023\/07\/pexels-photo-10305696-2048x1152.webp 2048w, https:\/\/corprivernez.com.mx\/wp-content\/uploads\/2023\/07\/pexels-photo-10305696-1320x743.webp 1320w, https:\/\/corprivernez.com.mx\/wp-content\/uploads\/2023\/07\/pexels-photo-10305696-600x338.webp 600w\" sizes=\"auto, (max-width: 1024px) 100vw, 1024px\" \/><\/figure><div class=\"wp-block-media-text__content\">\n<p><strong>Especialidad 1: <strong><strong>Chilaquiles<\/strong><\/strong><\/strong> <br>Verdes<br>Rojos<br>Mole<br>Combinados<\/p>\n\n\n\n<p>incluye frijoles, crema, queso, cebolla y bolillo<br><\/p>\n<\/div><\/div>\n\n\n\n<div class=\"wp-block-media-text alignwide is-stacked-on-mobile\"><figure class=\"wp-block-media-text__media\"><img loading=\"lazy\" decoding=\"async\" width=\"683\" height=\"1024\" src=\"https:\/\/corprivernez.com.mx\/wp-content\/uploads\/2024\/01\/pexels-photo-6605338-683x1024.jpeg\" alt=\"\" class=\"wp-image-676 size-full\" srcset=\"https:\/\/corprivernez.com.mx\/wp-content\/uploads\/2024\/01\/pexels-photo-6605338-683x1024.jpeg 683w, https:\/\/corprivernez.com.mx\/wp-content\/uploads\/2024\/01\/pexels-photo-6605338-200x300.jpeg 200w, https:\/\/corprivernez.com.mx\/wp-content\/uploads\/2024\/01\/pexels-photo-6605338-768x1152.jpeg 768w, https:\/\/corprivernez.com.mx\/wp-content\/uploads\/2024\/01\/pexels-photo-6605338-600x900.jpeg 600w, https:\/\/corprivernez.com.mx\/wp-content\/uploads\/2024\/01\/pexels-photo-6605338.jpeg 1000w\" sizes=\"auto, (max-width: 683px) 100vw, 683px\" \/><\/figure><div class=\"wp-block-media-text__content\">\n<p><strong>Especialidad 2: Korean Sandwich <\/strong><\/p>\n\n\n\n<p>Con una mezcla \u00fanica de salsas coreanas, este s\u00e1ndwich es una explosi\u00f3n de sabores audaces y texturas que te transportar\u00e1n directamente a la vibrante escena culinaria de Corea.<br><\/p>\n<\/div><\/div>\n\n\n\n<div class=\"wp-block-media-text alignwide is-stacked-on-mobile\"><figure class=\"wp-block-media-text__media\"><img loading=\"lazy\" decoding=\"async\" width=\"683\" height=\"1024\" src=\"https:\/\/corprivernez.com.mx\/wp-content\/uploads\/2023\/07\/pexels-photo-5949896-683x1024.jpeg\" alt=\"\" class=\"wp-image-546 size-full\" srcset=\"https:\/\/corprivernez.com.mx\/wp-content\/uploads\/2023\/07\/pexels-photo-5949896-683x1024.jpeg 683w, https:\/\/corprivernez.com.mx\/wp-content\/uploads\/2023\/07\/pexels-photo-5949896-200x300.jpeg 200w, https:\/\/corprivernez.com.mx\/wp-content\/uploads\/2023\/07\/pexels-photo-5949896-768x1152.jpeg 768w, https:\/\/corprivernez.com.mx\/wp-content\/uploads\/2023\/07\/pexels-photo-5949896-600x900.jpeg 600w, https:\/\/corprivernez.com.mx\/wp-content\/uploads\/2023\/07\/pexels-photo-5949896.jpeg 1000w\" sizes=\"auto, (max-width: 683px) 100vw, 683px\" \/><\/figure><div class=\"wp-block-media-text__content\">\n<p><strong><strong><strong>Especialidad 3: Lasa\u00f1a<\/strong><\/strong><\/strong> <\/p>\n\n\n\n<p>Capas delicadamente intercaladas de pasta fresca, ricotta suave, espinacas frescas y una salsa bolo\u00f1esa rica se fusionan en un deleite sublime para los paladares m\u00e1s exigentes.<br><\/p>\n<\/div><\/div>\n\n\n\n<div class=\"wp-block-media-text alignwide is-stacked-on-mobile\"><figure class=\"wp-block-media-text__media\"><img loading=\"lazy\" decoding=\"async\" width=\"563\" height=\"641\" src=\"https:\/\/corprivernez.com.mx\/wp-content\/uploads\/2023\/07\/5c6776f48618d31893284027f240f689-1.jpg\" alt=\"\" class=\"wp-image-524 size-full\" srcset=\"https:\/\/corprivernez.com.mx\/wp-content\/uploads\/2023\/07\/5c6776f48618d31893284027f240f689-1.jpg 563w, https:\/\/corprivernez.com.mx\/wp-content\/uploads\/2023\/07\/5c6776f48618d31893284027f240f689-1-263x300.jpg 263w\" sizes=\"auto, (max-width: 563px) 100vw, 563px\" \/><\/figure><div class=\"wp-block-media-text__content\">\n<p><strong>Especialidad 4: <\/strong><strong style=\"font-weight: bold;\">tabla de quesos<\/strong> <strong>8-12 PERSONAS<\/strong> <\/p>\n\n\n\n<p><br>Quesos: manchego, queso brie, queso de cabra, parmesano y gorgonzola<br>Fiambre: jam\u00f3n serrano, salami y pepperoni <br>Frutos secos: nueces, pistaches y almendras<br>Encurtidos: aceitunas<br>Fruta fresca: uva, pera, fresa, frambuesa y moras<br>Mermeladas y salsas: mermelada de frutos rojos y salsa macha<br>Galletas: crackers y pretzels<br>Chocolate en cubos<\/p>\n\n\n\n<p>Se pueden hacer modificaciones y agregar o quitar alg\u00fan elemento de la tabla.<br><\/p>\n<\/div><\/div>\n","protected":false},"excerpt":{"rendered":"<p>Con un enfoque en la excelencia y la calidad, ofrecemos una amplia gama de bebidas y opciones gastron\u00f3micas para satisfacer los gustos m\u00e1s exigentes. Desde elegantes recepciones hasta reuniones de negocios informales. Ya sea que prefieras opciones cl\u00e1sicas o platos innovadores, nuestro men\u00fa se adapta a tus necesidades y preferencias. Nos comprometemos a brindar un&hellip;&nbsp;<a href=\"https:\/\/corprivernez.com.mx\/index.php\/coffee-break-y-catering\/\" class=\"\" rel=\"bookmark\">Read More &raquo;<span class=\"screen-reader-text\">Coffee Break\u00a0y\u00a0catering<\/span><\/a><\/p>\n","protected":false},"author":1,"featured_media":0,"parent":0,"menu_order":0,"comment_status":"closed","ping_status":"closed","template":"","meta":{"om_disable_all_campaigns":false,"_mi_skip_tracking":false,"neve_meta_sidebar":"","neve_meta_container":"","neve_meta_enable_content_width":"","neve_meta_content_width":0,"neve_meta_title_alignment":"","neve_meta_author_avatar":"","neve_post_elements_order":"","neve_meta_disable_header":"","neve_meta_disable_footer":"","neve_meta_disable_title":"","footnotes":""},"class_list":["post-454","page","type-page","status-publish","hentry"],"aioseo_notices":[],"_links":{"self":[{"href":"https:\/\/corprivernez.com.mx\/index.php\/wp-json\/wp\/v2\/pages\/454","targetHints":{"allow":["GET"]}}],"collection":[{"href":"https:\/\/corprivernez.com.mx\/index.php\/wp-json\/wp\/v2\/pages"}],"about":[{"href":"https:\/\/corprivernez.com.mx\/index.php\/wp-json\/wp\/v2\/types\/page"}],"author":[{"embeddable":true,"href":"https:\/\/corprivernez.com.mx\/index.php\/wp-json\/wp\/v2\/users\/1"}],"replies":[{"embeddable":true,"href":"https:\/\/corprivernez.com.mx\/index.php\/wp-json\/wp\/v2\/comments?post=454"}],"version-history":[{"count":18,"href":"https:\/\/corprivernez.com.mx\/index.php\/wp-json\/wp\/v2\/pages\/454\/revisions"}],"predecessor-version":[{"id":679,"href":"https:\/\/corprivernez.com.mx\/index.php\/wp-json\/wp\/v2\/pages\/454\/revisions\/679"}],"wp:attachment":[{"href":"https:\/\/corprivernez.com.mx\/index.php\/wp-json\/wp\/v2\/media?parent=454"}],"curies":[{"name":"wp","href":"https:\/\/api.w.org\/{rel}","templated":true}]}}